{"id":191,"date":"2025-06-15T01:30:55","date_gmt":"2025-06-14T23:30:55","guid":{"rendered":"https:\/\/iebd.eu\/?page_id=191"},"modified":"2025-06-15T01:41:11","modified_gmt":"2025-06-14T23:41:11","slug":"imprint","status":"publish","type":"page","link":"https:\/\/mebf.eu\/?page_id=191","title":{"rendered":"Impressum"},"content":{"rendered":"\n<div style=\"font-family: Arial, sans-serif; max-width: 800px; margin: 2rem auto; line-height: 1.6; color: #333;\">\n \n\n  <div style=\"margin-bottom: 1.5rem;\">\n    <strong>Angaben gem\u00e4\u00df \u00a7 5 TMG:<\/strong><br>\n    Ajit Ranade<br>\n    Lyoner Str. 50<br>\n    60528 Frankfurt am Main<br>\n    Deutschland\n  <\/div>\n\n  <div style=\"margin-bottom: 1.5rem;\">\n    <strong>Kontakt:<\/strong><br>\n    Telefon: +49 174 9225792<br>\n    E-Mail: <a href=\"mailto:contact@mebf.eu\" style=\"color: #0066cc; text-decoration: none;\">contact@mebf.eu<\/a><br>\n    Webseite: <a href=\"https:\/\/www.mebf.eu\" style=\"color: #0066cc; text-decoration: none;\">www.mebf.eu<\/a>\n  <\/div>\n\n  <div style=\"margin-bottom: 1.5rem;\">\n    <strong>Registereintrag:<\/strong><br>\n    Kein Eintrag im Handelsregister vorhanden.\n  <\/div>\n\n  <div style=\"margin-bottom: 1.5rem;\">\n    <strong>Umsatzsteuer-ID:<\/strong><br>\n    Keine Umsatzsteuer-Identifikationsnummer vorhanden.\n  <\/div>\n\n  <div style=\"margin-bottom: 1.5rem;\">\n    <strong>Verantwortlich f\u00fcr den Inhalt nach \u00a7 55 Abs. 2 RStV:<\/strong><br>\n    Ajit Ranade<br>\n    Lyoner Str. 50<br>\n    60528 Frankfurt am Main<br>\n    Deutschland\n  <\/div>\n\n  <div style=\"margin-bottom: 1.5rem;\">\n    <strong>Haftungsausschluss (Disclaimer):<\/strong><br>\n    <em>Haftung f\u00fcr Inhalte<\/em><br>\n    Die Inhalte unserer Seiten wurden mit gr\u00f6\u00dfter Sorgfalt erstellt. F\u00fcr die Richtigkeit, Vollst\u00e4ndigkeit und Aktualit\u00e4t der Inhalte k\u00f6nnen wir jedoch keine\n\n","protected":false},"excerpt":{"rendered":"<p>Angaben gem\u00e4\u00df \u00a7 5 TMG: Ajit Ranade Lyoner Str. 50 60528 Frankfurt am Main Deutschland Kontakt: Telefon: +49 174 9225792<span class=\"more-dots\">&#8230;<\/span><\/p>\n","protected":false},"author":1,"featured_media":0,"parent":0,"menu_order":0,"comment_status":"closed","ping_status":"closed","template":"","meta":{"_price":"","_stock":"","_tribe_ticket_header":"","_tribe_default_ticket_provider":"","_tribe_ticket_capacity":"0","_ticket_start_date":"","_ticket_end_date":"","_tribe_ticket_show_description":"","_tribe_ticket_show_not_going":false,"_tribe_ticket_use_global_stock":"","_tribe_ticket_global_stock_level":"","_global_stock_mode":"","_global_stock_cap":"","_tribe_rsvp_for_event":"","_tribe_ticket_going_count":"","_tribe_ticket_not_going_count":"","_tribe_tickets_list":"[]","_tribe_ticket_has_attendee_info_fields":false,"footnotes":"","_tec_slr_enabled":"","_tec_slr_layout":""},"class_list":["post-191","page","type-page","status-publish","hentry","no-post-thumbnail"],"ticketed":false,"_links":{"self":[{"href":"https:\/\/mebf.eu\/index.php?rest_route=\/wp\/v2\/pages\/191","targetHints":{"allow":["GET"]}}],"collection":[{"href":"https:\/\/mebf.eu\/index.php?rest_route=\/wp\/v2\/pages"}],"about":[{"href":"https:\/\/mebf.eu\/index.php?rest_route=\/wp\/v2\/types\/page"}],"author":[{"embeddable":true,"href":"https:\/\/mebf.eu\/index.php?rest_route=\/wp\/v2\/users\/1"}],"replies":[{"embeddable":true,"href":"https:\/\/mebf.eu\/index.php?rest_route=%2Fwp%2Fv2%2Fcomments&post=191"}],"version-history":[{"count":3,"href":"https:\/\/mebf.eu\/index.php?rest_route=\/wp\/v2\/pages\/191\/revisions"}],"predecessor-version":[{"id":204,"href":"https:\/\/mebf.eu\/index.php?rest_route=\/wp\/v2\/pages\/191\/revisions\/204"}],"wp:attachment":[{"href":"https:\/\/mebf.eu\/index.php?rest_route=%2Fwp%2Fv2%2Fmedia&parent=191"}],"curies":[{"name":"wp","href":"https:\/\/api.w.org\/{rel}","templated":true}]}}